{"id":3852,"date":"2023-03-01T13:28:21","date_gmt":"2023-03-01T13:28:21","guid":{"rendered":"https:\/\/info.mywallis.com\/?page_id=3852"},"modified":"2024-02-01T08:11:25","modified_gmt":"2024-02-01T08:11:25","slug":"%e0%b8%81%e0%b8%8e%e0%b8%97%e0%b8%b1%e0%b9%88%e0%b8%a7%e0%b9%84%e0%b8%9b%e0%b8%a0%e0%b8%b2%e0%b8%a2%e0%b9%83%e0%b8%99%e0%b8%9a%e0%b9%89%e0%b8%b2%e0%b8%99","status":"publish","type":"page","link":"https:\/\/info.mywallis.com\/th\/%e0%b8%81%e0%b8%8e%e0%b8%97%e0%b8%b1%e0%b9%88%e0%b8%a7%e0%b9%84%e0%b8%9b%e0%b8%a0%e0%b8%b2%e0%b8%a2%e0%b9%83%e0%b8%99%e0%b8%9a%e0%b9%89%e0%b8%b2%e0%b8%99\/","title":{"rendered":"\u0e01\u0e0e\u0e17\u0e31\u0e48\u0e27\u0e44\u0e1b\u0e20\u0e32\u0e22\u0e43\u0e19\u0e1a\u0e49\u0e32\u0e19"},"content":{"rendered":"<p>[et_pb_section fb_built=&#8221;1&#8243; _builder_version=&#8221;4.19.4&#8243; _module_preset=&#8221;default&#8221; custom_padding=&#8221;50px||50px||true|&#8221; global_colors_info=&#8221;{}&#8221;][et_pb_row disabled_on=&#8221;off|off|off&#8221; admin_label=&#8221;Ferienwohnungen Wallis&#8221; _builder_version=&#8221;4.16&#8243; _module_preset=&#8221;default&#8221; custom_margin=&#8221;0px||||false|false&#8221; custom_padding=&#8221;0px||||false|false&#8221; global_colors_info=&#8221;{}&#8221;][et_pb_column type=&#8221;4_4&#8243; _builder_version=&#8221;4.16&#8243; _module_preset=&#8221;default&#8221; global_colors_info=&#8221;{}&#8221;][et_pb_text disabled_on=&#8221;off|off|off&#8221; _builder_version=&#8221;4.19.4&#8243; text_font=&#8221;||||||||&#8221; text_line_height=&#8221;2em&#8221; header_font=&#8221;||||||||&#8221; header_2_font=&#8221;Raleway|700|||||||&#8221; header_2_font_size=&#8221;50px&#8221; header_2_line_height=&#8221;1.2em&#8221; header_6_font=&#8221;Raleway|700||on|||||&#8221; header_6_font_size=&#8221;16px&#8221; header_6_letter_spacing=&#8221;5px&#8221; header_6_line_height=&#8221;1.8em&#8221; max_width_last_edited=&#8221;off|desktop&#8221; custom_margin=&#8221;||0px||false|false&#8221; custom_padding=&#8221;||||false|false&#8221; header_2_font_size_tablet=&#8221;35px&#8221; header_2_font_size_phone=&#8221;25px&#8221; header_2_font_size_last_edited=&#8221;on|phone&#8221; global_colors_info=&#8221;{}&#8221;]<\/p>\n<h2><b>\u0e01\u0e0e\u0e17\u0e31\u0e48\u0e27\u0e44\u0e1b\u0e20\u0e32\u0e22\u0e43\u0e19\u0e1a\u0e49\u0e32\u0e19<\/b><\/h2>\n<p>[\/et_pb_text][et_pb_text disabled_on=&#8221;off|off|off&#8221; _builder_version=&#8221;4.23.4&#8243; _module_preset=&#8221;default&#8221; text_line_height=&#8221;2em&#8221; hover_enabled=&#8221;0&#8243; global_colors_info=&#8221;{}&#8221; sticky_enabled=&#8221;0&#8243;]<\/p>\n<div class=\"et_pb_module et_pb_text et_pb_text_0 et_pb_text_align_left et_pb_bg_layout_light\">\n<div class=\"et_pb_text_inner\">\n<h2><span style=\"color: #666666; font-size: 14px;\">\u0e40\u0e23\u0e35\u0e22\u0e19 \u0e41\u0e02\u0e01\u0e1c\u0e39\u0e49\u0e21\u0e32\u0e1e\u0e31\u0e01\u0e1c\u0e48\u0e2d\u0e19,<\/span><\/h2>\n<\/div>\n<\/div>\n<div class=\"et_pb_module et_pb_text et_pb_text_1 et_pb_text_align_left et_pb_bg_layout_light\">\n<div class=\"et_pb_text_inner\">\n<p>\u0e22\u0e34\u0e19\u0e14\u0e35\u0e15\u0e49\u0e2d\u0e19\u0e23\u0e31\u0e1a\u0e2a\u0e39\u0e48 Randa \u0e40\u0e23\u0e32\u0e2b\u0e27\u0e31\u0e07\u0e27\u0e48\u0e32\u0e04\u0e38\u0e13\u0e08\u0e30\u0e21\u0e35\u0e27\u0e31\u0e19\u0e2b\u0e22\u0e38\u0e14\u0e41\u0e2b\u0e48\u0e07\u0e01\u0e32\u0e23\u0e1e\u0e31\u0e01\u0e1c\u0e48\u0e2d\u0e19\u0e41\u0e25\u0e30\u0e21\u0e35\u0e04\u0e27\u0e32\u0e21\u0e2a\u0e38\u0e02<\/p>\n<p>\u0e40\u0e23\u0e32\u0e08\u0e30\u0e02\u0e2d\u0e1a\u0e04\u0e38\u0e13\u0e40\u0e1b\u0e47\u0e19\u0e2d\u0e22\u0e48\u0e32\u0e07\u0e22\u0e34\u0e48\u0e07\u0e2b\u0e32\u0e01\u0e04\u0e38\u0e13\u0e2a\u0e32\u0e21\u0e32\u0e23\u0e16\u0e1b\u0e0f\u0e34\u0e1a\u0e31\u0e15\u0e34\u0e15\u0e32\u0e21\u0e01\u0e0e\u0e20\u0e32\u0e22\u0e43\u0e19\u0e1a\u0e49\u0e32\u0e19\u0e14\u0e49\u0e32\u0e19\u0e25\u0e48\u0e32\u0e07\u0e19\u0e35\u0e49 \u0e41\u0e25\u0e30\u0e14\u0e39\u0e41\u0e25\u0e1c\u0e39\u0e49\u0e2d\u0e22\u0e39\u0e48\u0e2d\u0e32\u0e28\u0e31\u0e22\u0e02\u0e2d\u0e07\u0e40\u0e23\u0e32\u0e14\u0e49\u0e27\u0e22\u0e04\u0e27\u0e32\u0e21\u0e40\u0e1b\u0e47\u0e19\u0e2b\u0e48\u0e27\u0e07\u0e40\u0e1b\u0e47\u0e19\u0e43\u0e22 \u0e42\u0e1b\u0e23\u0e14\u0e2d\u0e22\u0e48\u0e32\u0e25\u0e31\u0e07\u0e40\u0e25\u0e43\u0e19\u0e01\u0e32\u0e23\u0e41\u0e08\u0e49\u0e07\u0e43\u0e2b\u0e49\u0e40\u0e23\u0e32\u0e17\u0e23\u0e32\u0e1a\u0e2b\u0e32\u0e01\u0e21\u0e35\u0e2a\u0e34\u0e48\u0e07\u0e43\u0e14\u0e1c\u0e34\u0e14\u0e1e\u0e25\u0e32\u0e14 \u0e40\u0e23\u0e32\u0e1e\u0e34\u0e08\u0e32\u0e23\u0e13\u0e32\u0e04\u0e27\u0e32\u0e21\u0e1b\u0e23\u0e32\u0e23\u0e16\u0e19\u0e32\u0e02\u0e2d\u0e07\u0e04\u0e38\u0e13\u0e40\u0e2a\u0e21\u0e2d\u0e41\u0e25\u0e30\u0e1e\u0e22\u0e32\u0e22\u0e32\u0e21\u0e17\u0e35\u0e48\u0e08\u0e30\u0e17\u0e33\u0e43\u0e2b\u0e49\u0e21\u0e31\u0e19\u0e40\u0e1b\u0e47\u0e19\u0e08\u0e23\u0e34\u0e07\u0e02\u0e36\u0e49\u0e19\u0e21\u0e32\u0e15\u0e23\u0e32\u0e1a\u0e40\u0e17\u0e48\u0e32\u0e17\u0e35\u0e48\u0e21\u0e31\u0e19\u0e08\u0e30\u0e40\u0e1b\u0e47\u0e19\u0e44\u0e1b\u0e44\u0e14\u0e49 \u0e2b\u0e32\u0e01\u0e21\u0e35\u0e2d\u0e30\u0e44\u0e23\u0e02\u0e32\u0e14\u0e2b\u0e32\u0e22\u0e44\u0e1b \u0e04\u0e38\u0e13\u0e2a\u0e32\u0e21\u0e32\u0e23\u0e16\u0e41\u0e27\u0e30\u0e21\u0e32\u0e1e\u0e1a\u0e40\u0e23\u0e32\u0e44\u0e14\u0e49\u0e17\u0e35\u0e48\u0e0a\u0e31\u0e49\u0e19\u0e25\u0e48\u0e32\u0e07\u0e08\u0e19\u0e16\u0e36\u0e07\u0e40\u0e27\u0e25\u0e32 4 \u0e17\u0e38\u0e48\u0e21 \u0e2b\u0e23\u0e37\u0e2d\u0e2a\u0e48\u0e07 WhatsApp\/SMS \u0e43\u0e2b\u0e49\u0e01\u0e31\u0e1a Paul (<a href=\"tel:0041796790554\">0041796790554<\/a>) \u0e2b\u0e23\u0e37\u0e2d Esther (<a href=\"tel:0041764155300\">0041764155300<\/a>)<\/p>\n<p><b>\u0e2b\u0e49\u0e32\u0e21\u0e2a\u0e39\u0e1a\u0e1a\u0e38\u0e2b\u0e23\u0e35\u0e48<\/b><\/p>\n<p>\u0e42\u0e1b\u0e23\u0e14\u0e17\u0e23\u0e32\u0e1a\u0e27\u0e48\u0e32\u0e44\u0e21\u0e48\u0e21\u0e35\u0e01\u0e32\u0e23\u0e2d\u0e19\u0e38\u0e0d\u0e32\u0e15\u0e43\u0e2b\u0e49\u0e2a\u0e39\u0e1a\u0e1a\u0e38\u0e2b\u0e23\u0e35\u0e48\u0e20\u0e32\u0e22\u0e43\u0e19\u0e17\u0e35\u0e48\u0e1e\u0e31\u0e01 \u0e2d\u0e22\u0e48\u0e32\u0e07\u0e44\u0e23\u0e01\u0e47\u0e15\u0e32\u0e21 \u0e04\u0e38\u0e13\u0e2a\u0e32\u0e21\u0e32\u0e23\u0e16\u0e2a\u0e39\u0e1a\u0e1a\u0e38\u0e2b\u0e23\u0e35\u0e48\u0e44\u0e14\u0e49\u0e17\u0e35\u0e48\u0e23\u0e30\u0e40\u0e1a\u0e35\u0e22\u0e07 \u2013 \u0e40\u0e23\u0e32\u0e21\u0e35\u0e17\u0e35\u0e48\u0e40\u0e02\u0e35\u0e48\u0e22\u0e1a\u0e38\u0e2b\u0e23\u0e35\u0e48\u0e43\u0e2b\u0e49\u0e01\u0e31\u0e1a\u0e04\u0e38\u0e13<\/p>\n<p><b>\u0e2a\u0e31\u0e15\u0e27\u0e4c\u0e40\u0e25\u0e35\u0e49\u0e22\u0e07<\/b><\/p>\n<p>\u0e44\u0e21\u0e48\u0e2d\u0e19\u0e38\u0e0d\u0e32\u0e15\u0e43\u0e2b\u0e49\u0e19\u0e33\u0e2a\u0e31\u0e15\u0e27\u0e4c\u0e40\u0e25\u0e35\u0e49\u0e22\u0e07\u0e40\u0e02\u0e49\u0e32\u0e21\u0e32\u0e2b\u0e32\u0e01\u0e44\u0e21\u0e48\u0e44\u0e14\u0e49\u0e21\u0e35\u0e01\u0e32\u0e23\u0e15\u0e01\u0e25\u0e07\u0e25\u0e48\u0e27\u0e07\u0e2b\u0e19\u0e49\u0e32<\/p>\n<p><b>\u0e04\u0e27\u0e32\u0e21\u0e40\u0e2b\u0e47\u0e19\u0e2d\u0e01\u0e40\u0e2b\u0e47\u0e19\u0e43\u0e08\u0e15\u0e48\u0e2d\u0e41\u0e02\u0e01\u0e04\u0e19\u0e2d\u0e37\u0e48\u0e19 \u0e46<\/b><\/p>\n<p>\u0e40\u0e23\u0e32\u0e02\u0e2d\u0e43\u0e2b\u0e49\u0e04\u0e38\u0e13\u0e40\u0e25\u0e35\u0e48\u0e22\u0e07\u0e01\u0e32\u0e23\u0e17\u0e33\u0e40\u0e2a\u0e35\u0e22\u0e07\u0e14\u0e31\u0e07\u0e2b\u0e25\u0e31\u0e07\u0e08\u0e32\u0e01 4 \u0e17\u0e38\u0e48\u0e21 \u2013 \u0e42\u0e14\u0e22\u0e40\u0e09\u0e1e\u0e32\u0e30\u0e17\u0e35\u0e48\u0e1a\u0e31\u0e19\u0e44\u0e14<\/p>\n<p><b>\u0e2d\u0e38\u0e1b\u0e01\u0e23\u0e13\u0e4c\u0e2a\u0e01\u0e35<\/b><\/p>\n<p>\u0e42\u0e1b\u0e23\u0e14\u0e40\u0e01\u0e47\u0e1a\u0e2d\u0e38\u0e1b\u0e01\u0e23\u0e13\u0e4c\u0e2b\u0e19\u0e49\u0e32\u0e2b\u0e19\u0e32\u0e27\u0e40\u0e0a\u0e48\u0e19\u0e2d\u0e38\u0e1b\u0e01\u0e23\u0e13\u0e4c\u0e2a\u0e01\u0e35 \u0e01\u0e23\u0e30\u0e14\u0e32\u0e19\u0e42\u0e15\u0e49\u0e2b\u0e34\u0e21\u0e30\u0e41\u0e25\u0e30\u0e40\u0e25\u0e37\u0e48\u0e2d\u0e19\u0e44\u0e27\u0e49\u0e17\u0e35\u0e48\u0e2b\u0e49\u0e2d\u0e07\u0e43\u0e15\u0e49\u0e14\u0e34\u0e19 \u0e42\u0e1b\u0e23\u0e14\u0e17\u0e23\u0e32\u0e1a\u0e27\u0e48\u0e32\u0e04\u0e38\u0e13\u0e44\u0e21\u0e48\u0e44\u0e14\u0e49\u0e23\u0e31\u0e1a\u0e2d\u0e19\u0e38\u0e0d\u0e32\u0e15\u0e43\u0e2b\u0e49\u0e40\u0e02\u0e49\u0e32\u0e21\u0e32\u0e43\u0e19\u0e2d\u0e1e\u0e32\u0e23\u0e4c\u0e15\u0e40\u0e21\u0e19\u0e15\u0e4c\u0e42\u0e14\u0e22\u0e2a\u0e27\u0e21\u0e23\u0e2d\u0e07\u0e40\u0e17\u0e49\u0e32\u0e1a\u0e39\u0e49\u0e15\u0e2a\u0e01\u0e35\u0e2b\u0e23\u0e37\u0e2d\u0e23\u0e2d\u0e07\u0e40\u0e17\u0e49\u0e32\u0e40\u0e14\u0e34\u0e19\u0e1b\u0e48\u0e32<\/p>\n<p><b>\u0e1c\u0e49\u0e32\u0e2b\u0e48\u0e21\u0e41\u0e25\u0e30\u0e1c\u0e49\u0e32\u0e02\u0e19\u0e2b\u0e19\u0e39<\/b><\/p>\n<p>\u0e40\u0e23\u0e32\u0e44\u0e14\u0e49\u0e08\u0e31\u0e14\u0e40\u0e15\u0e23\u0e35\u0e22\u0e21\u0e40\u0e15\u0e35\u0e22\u0e07\u0e17\u0e31\u0e49\u0e07\u0e2b\u0e21\u0e14\u0e01\u0e48\u0e2d\u0e19\u0e04\u0e38\u0e13\u0e40\u0e14\u0e34\u0e19\u0e17\u0e32\u0e07\u0e21\u0e32\u0e16\u0e36\u0e07 \u0e21\u0e35\u0e01\u0e32\u0e23\u0e08\u0e31\u0e14\u0e40\u0e15\u0e23\u0e35\u0e22\u0e21\u0e1c\u0e49\u0e32\u0e02\u0e19\u0e2b\u0e19\u0e39\u0e2a\u0e33\u0e2b\u0e23\u0e31\u0e1a\u0e2d\u0e32\u0e1a\u0e19\u0e49\u0e33\u0e41\u0e25\u0e30\u0e43\u0e19\u0e2b\u0e49\u0e2d\u0e07\u0e04\u0e23\u0e31\u0e27\u0e43\u0e2b\u0e49\u0e01\u0e31\u0e1a\u0e04\u0e38\u0e13\u0e40\u0e0a\u0e48\u0e19\u0e01\u0e31\u0e19 \u0e40\u0e23\u0e32\u0e2a\u0e32\u0e21\u0e32\u0e23\u0e16\u0e21\u0e2d\u0e1a\u0e1c\u0e49\u0e32\u0e1b\u0e39\u0e17\u0e35\u0e48\u0e19\u0e2d\u0e19\u0e43\u0e2b\u0e21\u0e48\u0e43\u0e2b\u0e49\u0e44\u0e14\u0e49\u0e23\u0e30\u0e2b\u0e27\u0e48\u0e32\u0e07\u0e01\u0e32\u0e23\u0e1e\u0e31\u0e01\u0e02\u0e2d\u0e07\u0e04\u0e38\u0e13\u0e42\u0e14\u0e22\u0e08\u0e30\u0e04\u0e34\u0e14\u0e04\u0e48\u0e32\u0e18\u0e23\u0e23\u0e21\u0e40\u0e19\u0e35\u0e22\u0e21\u0e40\u0e1e\u0e34\u0e48\u0e21\u0e40\u0e15\u0e34\u0e21\u0e40\u0e25\u0e47\u0e01\u0e19\u0e49\u0e2d\u0e22<\/p>\n<p><b>\u0e2b\u0e49\u0e2d\u0e07\u0e04\u0e23\u0e31\u0e27<\/b><\/p>\n<p>\u0e42\u0e1b\u0e23\u0e14\u0e2d\u0e22\u0e48\u0e32\u0e43\u0e0a\u0e49\u0e2a\u0e32\u0e23\u0e17\u0e33\u0e04\u0e27\u0e32\u0e21\u0e2a\u0e30\u0e2d\u0e32\u0e14\u0e23\u0e38\u0e19\u0e41\u0e23\u0e07\u0e2b\u0e23\u0e37\u0e2d\u0e27\u0e31\u0e15\u0e16\u0e38\u0e41\u0e2b\u0e25\u0e21\u0e04\u0e21\u0e43\u0e19\u0e01\u0e32\u0e23\u0e25\u0e49\u0e32\u0e07\u0e40\u0e15\u0e32\u0e17\u0e33\u0e2d\u0e32\u0e2b\u0e32\u0e23\u0e40\u0e0b\u0e23\u0e32\u0e21\u0e34\u0e01<\/p>\n<p>\u0e42\u0e1b\u0e23\u0e14\u0e22\u0e37\u0e19\u0e22\u0e31\u0e19\u0e27\u0e48\u0e32\u0e04\u0e38\u0e13\u0e40\u0e01\u0e47\u0e1a\u0e08\u0e32\u0e19\u0e2b\u0e25\u0e31\u0e07\u0e08\u0e32\u0e01\u0e15\u0e32\u0e01\u0e41\u0e2b\u0e49\u0e07\u0e41\u0e25\u0e49\u0e27\u0e40\u0e17\u0e48\u0e32\u0e19\u0e31\u0e49\u0e19 \u0e41\u0e25\u0e30\u0e41\u0e08\u0e49\u0e07\u0e43\u0e2b\u0e49\u0e40\u0e23\u0e32\u0e17\u0e23\u0e32\u0e1a\u0e2b\u0e32\u0e01\u0e04\u0e38\u0e13\u0e15\u0e49\u0e2d\u0e07\u0e01\u0e32\u0e23\u0e04\u0e27\u0e32\u0e21\u0e0a\u0e48\u0e27\u0e22\u0e40\u0e2b\u0e25\u0e37\u0e2d\u0e43\u0e19\u0e01\u0e32\u0e23\u0e43\u0e0a\u0e49\u0e40\u0e04\u0e23\u0e37\u0e48\u0e2d\u0e07\u0e25\u0e49\u0e32\u0e07\u0e08\u0e32\u0e19<\/p>\n<p><b>\u0e02\u0e22\u0e30<\/b>\/<b>\u0e01\u0e32\u0e23\u0e23\u0e35\u0e44\u0e0b\u0e40\u0e04\u0e34\u0e25<\/b><\/p>\n<p>\u0e15\u0e49\u0e2d\u0e07\u0e21\u0e35\u0e01\u0e32\u0e23\u0e17\u0e34\u0e49\u0e07\u0e02\u0e22\u0e30\u0e43\u0e19\u0e16\u0e38\u0e07\u0e02\u0e22\u0e30\u0e0b\u0e36\u0e48\u0e07\u0e40\u0e23\u0e32\u0e08\u0e30\u0e04\u0e34\u0e14\u0e04\u0e48\u0e32\u0e18\u0e23\u0e23\u0e21\u0e40\u0e19\u0e35\u0e22\u0e21 \u0e21\u0e35\u0e16\u0e38\u0e07\u0e02\u0e22\u0e30\u0e2a\u0e35\u0e2a\u0e49\u0e21\u0e21\u0e2d\u0e1a\u0e43\u0e2b\u0e49\u0e04\u0e38\u0e13\u0e40\u0e21\u0e37\u0e48\u0e2d\u0e04\u0e38\u0e13\u0e21\u0e32\u0e16\u0e36\u0e07 \u0e04\u0e38\u0e13\u0e2a\u0e32\u0e21\u0e32\u0e23\u0e16\u0e0b\u0e37\u0e49\u0e2d\u0e16\u0e38\u0e07\u0e40\u0e1e\u0e34\u0e48\u0e21\u0e40\u0e15\u0e34\u0e21\u0e44\u0e14\u0e49\u0e43\u0e19\u0e23\u0e49\u0e32\u0e19\u0e02\u0e32\u0e22\u0e02\u0e2d\u0e07\u0e0a\u0e33\u0e2b\u0e23\u0e37\u0e2d\u0e08\u0e32\u0e01\u0e40\u0e08\u0e49\u0e32\u0e02\u0e2d\u0e07\u0e1a\u0e49\u0e32\u0e19<\/p>\n<pre id=\"tw-target-text\" class=\"tw-data-text tw-text-large tw-ta\" dir=\"ltr\" data-placeholder=\"Translation\" data-ved=\"2ahUKEwjO9bzd1omEAxUbgf0HHUP4AU8Q3ewLegQIBRAU\"><span class=\"Y2IQFc\" lang=\"th\">\u0e01\u0e25\u0e48\u0e2d\u0e07\u0e2a\u0e35\u0e19\u0e49\u0e33\u0e15\u0e32\u0e25\u0e1e\u0e23\u0e49\u0e2d\u0e21\u0e20\u0e32\u0e0a\u0e19\u0e30\u0e17\u0e35\u0e48\u0e40\u0e2b\u0e21\u0e32\u0e30\u0e2a\u0e21\u0e21\u0e35\u0e08\u0e33\u0e2b\u0e19\u0e48\u0e32\u0e22\u0e2d\u0e22\u0e39\u0e48\u0e14\u0e49\u0e32\u0e19\u0e19\u0e2d\u0e01\u0e14\u0e49\u0e32\u0e19\u0e02\u0e49\u0e32\u0e07\u0e2d\u0e32\u0e04\u0e32\u0e23 \u0e01\u0e23\u0e30\u0e14\u0e32\u0e29\u0e41\u0e25\u0e30\u0e01\u0e23\u0e30\u0e14\u0e32\u0e29\u0e41\u0e02\u0e47\u0e07 \u0e41\u0e01\u0e49\u0e27 \u0e2d\u0e25\u0e39\u0e21\u0e34\u0e40\u0e19\u0e35\u0e22\u0e21 \u0e02\u0e27\u0e14\u0e1e\u0e25\u0e32\u0e2a\u0e15\u0e34\u0e01 \u0e41\u0e25\u0e30\u0e02\u0e27\u0e14 PET \u0e2a\u0e32\u0e21\u0e32\u0e23\u0e16\u0e17\u0e34\u0e49\u0e07\u0e44\u0e14\u0e49\u0e17\u0e35\u0e48\u0e19\u0e31\u0e48\u0e19 \u0e19\u0e48\u0e32\u0e40\u0e2a\u0e35\u0e22\u0e14\u0e32\u0e22\u0e17\u0e35\u0e48\u0e44\u0e21\u0e48\u0e21\u0e35\u0e17\u0e32\u0e07\u0e40\u0e25\u0e37\u0e2d\u0e01\u0e43\u0e19\u0e01\u0e32\u0e23\u0e23\u0e35\u0e44\u0e0b\u0e40\u0e04\u0e34\u0e25\u0e2a\u0e33\u0e2b\u0e23\u0e31\u0e1a\u0e1a\u0e23\u0e23\u0e08\u0e38\u0e20\u0e31\u0e13\u0e11\u0e4c\u0e1e\u0e25\u0e32\u0e2a\u0e15\u0e34\u0e01\u0e2d\u0e37\u0e48\u0e19\u0e46 \u0e41\u0e25\u0e30 Tetrapacks \u0e42\u0e1b\u0e23\u0e14\u0e17\u0e34\u0e49\u0e07\u0e2a\u0e34\u0e48\u0e07\u0e40\u0e2b\u0e25\u0e48\u0e32\u0e19\u0e35\u0e49\u0e25\u0e07\u0e43\u0e19\u0e16\u0e38\u0e07\u0e02\u0e22\u0e30\u0e2a\u0e35\u0e2a\u0e49\u0e21<\/span><\/pre>\n<p>\u0e02\u0e22\u0e30\u0e2d\u0e34\u0e19\u0e17\u0e23\u0e35\u0e22\u0e4c\u0e43\u0e19\u0e04\u0e23\u0e31\u0e27\u0e2a\u0e32\u0e21\u0e32\u0e23\u0e16\u0e17\u0e34\u0e49\u0e07\u0e44\u0e14\u0e49\u0e42\u0e14\u0e22\u0e41\u0e22\u0e01\u0e15\u0e48\u0e32\u0e07\u0e2b\u0e32\u0e01 \u0e42\u0e1b\u0e23\u0e14\u0e16\u0e32\u0e21\u0e40\u0e08\u0e49\u0e32\u0e02\u0e2d\u0e07\u0e1a\u0e49\u0e32\u0e19\u0e27\u0e48\u0e32\u0e2a\u0e16\u0e32\u0e19\u0e17\u0e35\u0e48\u0e17\u0e34\u0e49\u0e07\u0e02\u0e22\u0e30\u0e2d\u0e22\u0e39\u0e48\u0e17\u0e35\u0e48\u0e43\u0e14<\/p>\n<p><b>\u0e01\u0e32\u0e23\u0e40\u0e0a\u0e47\u0e04\u0e40\u0e2d\u0e32\u0e17\u0e4c<\/b>\/<b>\u0e2d\u0e2d\u0e01\u0e40\u0e14\u0e34\u0e19\u0e17\u0e32\u0e07<\/b><\/p>\n<p>\u0e43\u0e19\u0e27\u0e31\u0e19\u0e17\u0e35\u0e48\u0e04\u0e38\u0e13\u0e40\u0e14\u0e34\u0e19\u0e17\u0e32\u0e07\u0e01\u0e25\u0e31\u0e1a \u0e42\u0e1b\u0e23\u0e14\u0e15\u0e23\u0e27\u0e08\u0e2a\u0e2d\u0e1a\u0e43\u0e2b\u0e49\u0e41\u0e19\u0e48\u0e43\u0e08\u0e27\u0e48\u0e32\u0e04\u0e38\u0e13\u0e44\u0e14\u0e49\u0e19\u0e33\u0e02\u0e22\u0e30\u0e44\u0e1b\u0e17\u0e34\u0e49\u0e07 \u0e25\u0e49\u0e32\u0e07\u0e08\u0e32\u0e19\u0e41\u0e25\u0e49\u0e27\u0e40\u0e01\u0e47\u0e1a\u0e21\u0e31\u0e19\u0e2b\u0e25\u0e31\u0e07\u0e08\u0e32\u0e01\u0e41\u0e2b\u0e49\u0e07\u0e41\u0e25\u0e49\u0e27 \u0e2d\u0e32\u0e08\u0e21\u0e35\u0e01\u0e32\u0e23\u0e40\u0e01\u0e47\u0e1a\u0e04\u0e48\u0e32\u0e17\u0e33\u0e04\u0e27\u0e32\u0e21\u0e2a\u0e30\u0e2d\u0e32\u0e14\u0e40\u0e1e\u0e34\u0e48\u0e21\u0e40\u0e15\u0e34\u0e21\u0e2b\u0e32\u0e01\u0e04\u0e38\u0e13\u0e2d\u0e2d\u0e01\u0e08\u0e32\u0e01\u0e2d\u0e1e\u0e32\u0e23\u0e4c\u0e15\u0e40\u0e21\u0e19\u0e15\u0e4c\u0e42\u0e14\u0e22\u0e17\u0e34\u0e49\u0e07\u0e21\u0e31\u0e19\u0e44\u0e27\u0e49\u0e43\u0e19\u0e2a\u0e20\u0e32\u0e1e\u0e17\u0e35\u0e48\u0e2a\u0e01\u0e1b\u0e23\u0e01\u0e40\u0e1b\u0e47\u0e19\u0e2d\u0e22\u0e48\u0e32\u0e07\u0e21\u0e32\u0e01<\/p>\n<p>\u0e42\u0e1b\u0e23\u0e14\u0e40\u0e0a\u0e47\u0e04\u0e40\u0e2d\u0e32\u0e17\u0e4c\u0e01\u0e48\u0e2d\u0e19\u00a0<b>10\u00a0<\/b>\u0e42\u0e21\u0e07\u0e40\u0e0a\u0e49\u0e32\u0e02\u0e2d\u0e07\u0e27\u0e31\u0e19\u0e17\u0e35\u0e48\u0e04\u0e38\u0e13\u0e40\u0e14\u0e34\u0e19\u0e17\u0e32\u0e07\u0e01\u0e25\u0e31\u0e1a \u0e40\u0e23\u0e32\u0e2d\u0e32\u0e08\u0e22\u0e37\u0e14\u0e2b\u0e22\u0e38\u0e48\u0e19\u0e43\u0e19\u0e14\u0e49\u0e32\u0e19\u0e40\u0e27\u0e25\u0e32\u0e44\u0e14\u0e49 \u0e42\u0e14\u0e22\u0e02\u0e36\u0e49\u0e19\u0e2d\u0e22\u0e39\u0e48\u0e01\u0e31\u0e1a\u0e27\u0e48\u0e32\u0e2d\u0e1e\u0e32\u0e23\u0e4c\u0e15\u0e40\u0e21\u0e19\u0e15\u0e4c\u0e19\u0e31\u0e49\u0e19\u0e27\u0e48\u0e32\u0e07\u0e2b\u0e23\u0e37\u0e2d\u0e44\u0e21\u0e48 \u0e42\u0e1b\u0e23\u0e14\u0e2d\u0e22\u0e48\u0e32\u0e25\u0e31\u0e07\u0e40\u0e25\u0e43\u0e19\u0e01\u0e32\u0e23\u0e2a\u0e2d\u0e1a\u0e16\u0e32\u0e21\u0e40\u0e23\u0e32\u0e2b\u0e32\u0e01\u0e04\u0e38\u0e13\u0e15\u0e49\u0e2d\u0e07\u0e01\u0e32\u0e23\u0e40\u0e0a\u0e47\u0e04\u0e40\u0e2d\u0e32\u0e17\u0e4c\u0e2a\u0e32\u0e22\u0e01\u0e27\u0e48\u0e32\u0e19\u0e31\u0e49\u0e19<\/p>\n<p><b>WiFi<\/b><\/p>\n<p>SSID: bergdohle-guest-access<br \/>\u0e23\u0e2b\u0e31\u0e2a\u0e1c\u0e48\u0e32\u0e19: bergdohle3928<\/p>\n<p>\u0e40\u0e23\u0e32\u0e02\u0e2d\u0e43\u0e2b\u0e49\u0e04\u0e38\u0e13\u0e21\u0e35\u0e1b\u0e23\u0e30\u0e2a\u0e1a\u0e01\u0e32\u0e23\u0e13\u0e4c\u0e01\u0e32\u0e23\u0e1e\u0e31\u0e01\u0e17\u0e35\u0e48 <b>Randa\u00a0<\/b>\u0e2d\u0e22\u0e48\u0e32\u0e07\u0e22\u0e2d\u0e14\u0e40\u0e22\u0e35\u0e48\u0e22\u0e21 \u0e2d\u0e22\u0e48\u0e32\u0e25\u0e31\u0e07\u0e40\u0e25\u0e43\u0e19\u0e01\u0e32\u0e23\u0e15\u0e34\u0e14\u0e15\u0e48\u0e2d\u0e40\u0e23\u0e32\u0e2b\u0e32\u0e01\u0e04\u0e38\u0e13\u0e21\u0e35\u0e04\u0e33\u0e16\u0e32\u0e21\u0e43\u0e14 \u0e46<\/p>\n<\/div>\n<\/div>\n<p>[\/et_pb_text][\/et_pb_column][\/et_pb_row][\/et_pb_section]<\/p>\n","protected":false},"excerpt":{"rendered":"<p>\u0e01\u0e0e\u0e17\u0e31\u0e48\u0e27\u0e44\u0e1b\u0e20\u0e32\u0e22\u0e43\u0e19\u0e1a\u0e49\u0e32\u0e19 \u0e40\u0e23\u0e35\u0e22\u0e19 \u0e41\u0e02\u0e01\u0e1c\u0e39\u0e49\u0e21\u0e32\u0e1e\u0e31\u0e01\u0e1c\u0e48\u0e2d\u0e19, \u0e22\u0e34\u0e19\u0e14\u0e35\u0e15\u0e49\u0e2d\u0e19\u0e23\u0e31\u0e1a\u0e2a\u0e39 [&hellip;]<\/p>\n","protected":false},"author":1,"featured_media":0,"parent":0,"menu_order":0,"comment_status":"closed","ping_status":"closed","template":"","meta":{"_et_pb_use_builder":"on","_et_pb_old_content":"<p>[et_pb_section fb_built=\"1\" _builder_version=\"4.19.4\" _module_preset=\"default\" custom_padding=\"50px||50px||true|\" global_colors_info=\"{}\"][et_pb_row disabled_on=\"off|off|off\" admin_label=\"Ferienwohnungen Wallis\" _builder_version=\"4.16\" _module_preset=\"default\" custom_margin=\"0px||||false|false\" custom_padding=\"0px||||false|false\" global_colors_info=\"{}\"][et_pb_column type=\"4_4\" _builder_version=\"4.16\" _module_preset=\"default\" global_colors_info=\"{}\"][et_pb_text disabled_on=\"off|off|off\" _builder_version=\"4.19.4\" text_font=\"||||||||\" text_line_height=\"2em\" header_font=\"||||||||\" header_2_font=\"Raleway|700|||||||\" header_2_font_size=\"50px\" header_2_line_height=\"1.2em\" header_6_font=\"Raleway|700||on|||||\" header_6_font_size=\"16px\" header_6_letter_spacing=\"5px\" header_6_line_height=\"1.8em\" max_width_last_edited=\"off|desktop\" custom_margin=\"||0px||false|false\" custom_padding=\"||||false|false\" header_2_font_size_tablet=\"35px\" header_2_font_size_phone=\"25px\" header_2_font_size_last_edited=\"on|phone\" global_colors_info=\"{}\"]<\/p><h2>Hausregeln<\/h2><p>[\/et_pb_text][et_pb_text disabled_on=\"off|off|off\" _builder_version=\"4.19.4\" _module_preset=\"default\" text_line_height=\"2em\" hover_enabled=\"0\" global_colors_info=\"{}\" sticky_enabled=\"0\"]<\/p><p>Wir bitten Sie, unsere Hausregeln einzuhalten und auf unsere Wohnung Sorge zu tragen. Sollte etwas fehlen, k\u00f6nnen Sie bis 22:00Uhr bei uns im untersten Stock vorbei kommen oder jederzeit eine WhatsApp \/ SMS an Paul (<a href=\"tel:0041796790554\">0041 79 679 05 54<\/a>) oder Esther (<a href=\"tel:0041764155300\">0041 76 415 53 00<\/a>) senden. Und sollte es sich um einen Notfall handeln, z\u00f6gern Sie nicht, uns aus dem Bett zu klingeln.<\/p><h2>Rauchverbot<\/h2><p>Bitte halten Sie sich an das Rauchverbot in der ganzen Wohnung. Auf dem Balkon darf geraucht werden \u2013 Aschenbecher sind vorhanden. Bitte beachten Sie, dass wir bei Nichtbeachtung des Rauchverbots eine zus\u00e4tzliche Reinigungsgeb\u00fchr von CHF 500.- in Rechnung stellen k\u00f6nnen.<\/p><h2>Haustiere<\/h2><p>Ohne vorherige Vereinbarung, sind Haustiere nicht erlaubt<\/p><h2>R\u00fccksicht auf Mitbewohner<\/h2><p>Wir bitten Sie, ab 22:00 Uhr L\u00e4rm zu vermeiden - insbesondere im Treppenhaus.\u00a0<\/p><h2>Skiausr\u00fcstung<\/h2><p>Winterausr\u00fcstung wie Skier, Snowboards oder Schlitten deponieren Sie bitte im Untergeschoss. Das Betreten der Wohnung mit Ski- und Wanderschuhen ist nicht erlaubt.<\/p><h2>Bettw\u00e4sche und Frottiert\u00fccher<\/h2><p>Die Betten sind bei Mietantritt bereits angezogen. Frottier- und K\u00fcchent\u00fccher werden bereitgestellt. Auf Wunsch und gegen einen kleinen Aufpreis, stellen wir Ihnen w\u00e4hrend des Aufenthaltes frische W\u00e4sche zur Verf\u00fcgung.<\/p><h2>K\u00fcche<\/h2><p>Zum Reinigen des Glaskeramik-Kochfeldes d\u00fcrfen keine aggressive Reinigungsmittel oder kratzende Gegenst\u00e4nde verwendet werden.<\/p><p>R\u00e4umen Sie bitte das Geschirr immer trocken in die Schr\u00e4nke und sagen Sie uns bescheid, wenn Sie Hilfe mit dem Geschirrsp\u00fcler ben\u00f6tigen.<\/p><h2>Abfall \/ Recycling<\/h2><p>Der Abfall muss in geb\u00fchrenpflichtigen Abfalls\u00e4cken entsorgt werden. Bei Mietantritt steht ein oranger Abfallsack bereit. Weitere S\u00e4cke k\u00f6nnen im Lebensmittelladen oder beim Vermieter gekauft werden.<br \/>Im Untergeschoss stehen Beh\u00e4lter f\u00fcr Recycling zur Verf\u00fcgung. Es k\u00f6nnen Papier\/Karton, Glas, Aluminium, Pet- und Plastikflaschen entsorgt werden. F\u00fcr andere Plastikverpackungen oder Tetrapack gibt es leider keine Recyclingm\u00f6glichkeit. Wir bitten Sie, diese Materialien im Abfallsack zu entsorgen.<br \/>Organische K\u00fcchenabf\u00e4lle k\u00f6nnen ebenfalls separat entsorgt werden. Fragen Sie den Vermieter, wo sich der Kompost befindet.<\/p><h2>Check-out \/ Abreise<\/h2><p>Bitte beachten Sie, dass Sie am Abreisetag den Abfall hinausstellen, das Geschirr sp\u00fclen und abgetrocknet wegr\u00e4umen. Sollte die Wohnung in einem extrem schmutzigen Zustand hinterlassen werden, kann Ihnen eine zus\u00e4tzliche Reinigungsgeb\u00fchr berechnet werden.<\/p><p>Grunds\u00e4tzlich findet das check-out am Abreisetag bis sp\u00e4testens 10:00 Uhr statt. Je nach Verf\u00fcgbarkeit der Wohnung, sind wir flexibel. Sie k\u00f6nnen uns gerne nach einem sp\u00e4teren check-out fragen.<\/p><h2>Satelliten-TV<\/h2><p>S\u00e4mtliche verf\u00fcgbaren Kan\u00e4le sind bereits vorinstalliert. Bitte \u00e4ndern Sie nichts an der Satelliten-Anlage und informieren Sie bei Problemen den Vermieter.<\/p><p>[\/et_pb_text][\/et_pb_column][\/et_pb_row][\/et_pb_section]<\/p>","_et_gb_content_width":"","footnotes":""},"class_list":["post-3852","page","type-page","status-publish","hentry"],"_links":{"self":[{"href":"https:\/\/info.mywallis.com\/th\/wp-json\/wp\/v2\/pages\/3852","targetHints":{"allow":["GET"]}}],"collection":[{"href":"https:\/\/info.mywallis.com\/th\/wp-json\/wp\/v2\/pages"}],"about":[{"href":"https:\/\/info.mywallis.com\/th\/wp-json\/wp\/v2\/types\/page"}],"author":[{"embeddable":true,"href":"https:\/\/info.mywallis.com\/th\/wp-json\/wp\/v2\/users\/1"}],"replies":[{"embeddable":true,"href":"https:\/\/info.mywallis.com\/th\/wp-json\/wp\/v2\/comments?post=3852"}],"version-history":[{"count":8,"href":"https:\/\/info.mywallis.com\/th\/wp-json\/wp\/v2\/pages\/3852\/revisions"}],"predecessor-version":[{"id":4099,"href":"https:\/\/info.mywallis.com\/th\/wp-json\/wp\/v2\/pages\/3852\/revisions\/4099"}],"wp:attachment":[{"href":"https:\/\/info.mywallis.com\/th\/wp-json\/wp\/v2\/media?parent=3852"}],"curies":[{"name":"wp","href":"https:\/\/api.w.org\/{rel}","templated":true}]}}