{"id":3811,"date":"2023-03-01T13:06:33","date_gmt":"2023-03-01T13:06:33","guid":{"rendered":"https:\/\/info.mywallis.com\/?page_id=3811"},"modified":"2025-06-16T08:46:49","modified_gmt":"2025-06-16T08:46:49","slug":"bread-order","status":"publish","type":"page","link":"https:\/\/info.mywallis.com\/en\/bread-order\/","title":{"rendered":"Bread order"},"content":{"rendered":"<p>[et_pb_section fb_built=&#8221;1&#8243; _builder_version=&#8221;4.19.4&#8243; _module_preset=&#8221;default&#8221; custom_padding=&#8221;||0px|||&#8221; global_colors_info=&#8221;{}&#8221;][et_pb_row disabled_on=&#8221;off|off|off&#8221; admin_label=&#8221;Ferienwohnungen Wallis&#8221; _builder_version=&#8221;4.16&#8243; _module_preset=&#8221;default&#8221; custom_margin=&#8221;0px||||false|false&#8221; custom_padding=&#8221;0px||||false|false&#8221; global_colors_info=&#8221;{}&#8221;][et_pb_column type=&#8221;4_4&#8243; _builder_version=&#8221;4.16&#8243; _module_preset=&#8221;default&#8221; global_colors_info=&#8221;{}&#8221;][et_pb_text disabled_on=&#8221;off|off|off&#8221; _builder_version=&#8221;4.19.4&#8243; text_font=&#8221;||||||||&#8221; text_line_height=&#8221;2em&#8221; header_font=&#8221;||||||||&#8221; header_2_font=&#8221;Raleway|700|||||||&#8221; header_2_font_size=&#8221;50px&#8221; header_2_line_height=&#8221;1.2em&#8221; header_6_font=&#8221;Raleway|700||on|||||&#8221; header_6_font_size=&#8221;16px&#8221; header_6_letter_spacing=&#8221;5px&#8221; header_6_line_height=&#8221;1.8em&#8221; max_width_last_edited=&#8221;off|desktop&#8221; custom_margin=&#8221;||0px||false|false&#8221; custom_padding=&#8221;||||false|false&#8221; header_2_font_size_tablet=&#8221;35px&#8221; header_2_font_size_phone=&#8221;25px&#8221; header_2_font_size_last_edited=&#8221;on|phone&#8221; global_colors_info=&#8221;{}&#8221;]<\/p>\n<h2>Bread order<\/h2>\n<p>[\/et_pb_text][et_pb_text disabled_on=&#8221;off|off|off&#8221; _builder_version=&#8221;4.27.4&#8243; _module_preset=&#8221;default&#8221; hover_enabled=&#8221;0&#8243; global_colors_info=&#8221;{}&#8221; sticky_enabled=&#8221;0&#8243;]<\/p>\n<p data-start=\"75\" data-end=\"273\">You can order bread using the form below. Orders must be placed by 5:00 p.m. the evening before. The baker will deliver the rolls the next morning around 6:00 a.m. to the white tray by the entrance.<\/p>\n<p data-start=\"275\" data-end=\"476\">And sometimes, our baker just has a bad day or decides to treat himself to his delicious rolls. But don\u2019t worry \u2013 if the bread hasn\u2019t arrived by 7:00 a.m., just ring our bell and we\u2019ll take care of it.<\/p>\n<p data-start=\"478\" data-end=\"537\" data-is-last-node=\"\" data-is-only-node=\"\">You can simply pay for your orders at the end of your stay.<\/p>\n<p>[\/et_pb_text][et_pb_code disabled_on=&#8221;off|off|off&#8221; _builder_version=&#8221;4.19.4&#8243; _module_preset=&#8221;default&#8221; global_colors_info=&#8221;{}&#8221;]\n<div class=\"wpcf7 no-js\" id=\"wpcf7-f3706-o1\" lang=\"en-US\" dir=\"ltr\" data-wpcf7-id=\"3706\">\n<div class=\"screen-reader-response\"><p role=\"status\" aria-live=\"polite\" aria-atomic=\"true\"><\/p> <ul><\/ul><\/div>\n<form action=\"\/en\/wp-json\/wp\/v2\/pages\/3811#wpcf7-f3706-o1\" method=\"post\" class=\"wpcf7-form init\" aria-label=\"Contact form\" novalidate=\"novalidate\" data-status=\"init\">\n<fieldset class=\"hidden-fields-container\"><input type=\"hidden\" name=\"_wpcf7\" value=\"3706\" \/><input type=\"hidden\" name=\"_wpcf7_version\" value=\"6.1.5\" \/><input type=\"hidden\" name=\"_wpcf7_locale\" value=\"en_US\" \/><input type=\"hidden\" name=\"_wpcf7_unit_tag\" value=\"wpcf7-f3706-o1\" \/><input type=\"hidden\" name=\"_wpcf7_container_post\" value=\"0\" \/><input type=\"hidden\" name=\"_wpcf7_posted_data_hash\" value=\"\" \/>\n<\/fieldset>\n<p><label>Ihr Name \/ Your name<br \/>\n<span class=\"wpcf7-form-control-wrap\" data-name=\"your-name\"><input size=\"40\" maxlength=\"400\" class=\"wpcf7-form-control wpcf7-text wpcf7-validates-as-required\" autocomplete=\"name\" aria-required=\"true\" aria-invalid=\"false\" value=\"\" type=\"text\" name=\"your-name\" \/><\/span> <\/label><br \/>\n<label>Ihre E-Mail \/ Your email<br \/>\n<span class=\"wpcf7-form-control-wrap\" data-name=\"your-email\"><input size=\"40\" maxlength=\"400\" class=\"wpcf7-form-control wpcf7-email wpcf7-validates-as-required wpcf7-text wpcf7-validates-as-email\" autocomplete=\"email\" aria-required=\"true\" aria-invalid=\"false\" value=\"\" type=\"email\" name=\"your-email\" \/><\/span> <\/label>\n<\/p>\n<div class=\"brot\">\n\t<h3>Brot \/ bred\n\t<\/h3>\n\t<p><label><span class=\"wpcf7-form-control-wrap\" data-name=\"weissbrot1\"><input class=\"wpcf7-form-control wpcf7-number wpcf7-validates-as-number\" aria-invalid=\"false\" value=\"\" type=\"number\" name=\"weissbrot1\" \/><\/span>Weissbrot \/ white bread (1 kg.) - Fr. 5.80<\/label><label><span class=\"wpcf7-form-control-wrap\" data-name=\"weissbrot05\"><input class=\"wpcf7-form-control wpcf7-number wpcf7-validates-as-number\" aria-invalid=\"false\" value=\"\" type=\"number\" name=\"weissbrot05\" \/><\/span>Weissbrot \/ white bread (0.5 kg.) - Fr. 4.00<\/label><label><span class=\"wpcf7-form-control-wrap\" data-name=\"weissbrot025\"><input class=\"wpcf7-form-control wpcf7-number wpcf7-validates-as-number\" aria-invalid=\"false\" value=\"\" type=\"number\" name=\"weissbrot025\" \/><\/span>Weissbrot \/ white bread (0.25 kg.) - Fr. 2.70<\/label><label><span class=\"wpcf7-form-control-wrap\" data-name=\"vollbrot1\"><input class=\"wpcf7-form-control wpcf7-number wpcf7-validates-as-number\" aria-invalid=\"false\" value=\"\" type=\"number\" name=\"vollbrot1\" \/><\/span>Vollbrot \/ wholemeal bread (1 kg.) - Fr. 5.80<\/label><label><span class=\"wpcf7-form-control-wrap\" data-name=\"vollbrot05\"><input class=\"wpcf7-form-control wpcf7-number wpcf7-validates-as-number\" aria-invalid=\"false\" value=\"\" type=\"number\" name=\"vollbrot05\" \/><\/span>Vollbrot \/ wholemeal bread (0.5 kg.) - Fr. 4.00<\/label><label><span class=\"wpcf7-form-control-wrap\" data-name=\"vollbrot025\"><input class=\"wpcf7-form-control wpcf7-number wpcf7-validates-as-number\" aria-invalid=\"false\" value=\"\" type=\"number\" name=\"vollbrot025\" \/><\/span>Vollbrot \/ wholemeal bread (0.25 kg.) - Fr. 2.70<\/label><label><span class=\"wpcf7-form-control-wrap\" data-name=\"roggenbrot1\"><input class=\"wpcf7-form-control wpcf7-number wpcf7-validates-as-number\" aria-invalid=\"false\" value=\"\" type=\"number\" name=\"roggenbrot1\" \/><\/span>Roggenbrot \/ rye bread (1 kg.) - Fr. 7.50<\/label><label><span class=\"wpcf7-form-control-wrap\" data-name=\"roggenbrot05\"><input class=\"wpcf7-form-control wpcf7-number wpcf7-validates-as-number\" aria-invalid=\"false\" value=\"\" type=\"number\" name=\"roggenbrot05\" \/><\/span>Roggenbrot \/ rye bread (0.5 kg.) - Fr. 5.00<\/label>\n\t<\/p>\n\t<h3>Spezialbrote \/ Special breads\n\t<\/h3>\n\t<p><label><span class=\"wpcf7-form-control-wrap\" data-name=\"parisette\"><input class=\"wpcf7-form-control wpcf7-number wpcf7-validates-as-number\" aria-invalid=\"false\" value=\"\" type=\"number\" name=\"parisette\" \/><\/span>Parisette \/ baguette - Fr. 3.50<\/label><label><span class=\"wpcf7-form-control-wrap\" data-name=\"burebrot\"><input class=\"wpcf7-form-control wpcf7-number wpcf7-validates-as-number\" aria-invalid=\"false\" value=\"\" type=\"number\" name=\"burebrot\" \/><\/span>Burebrot \/ farmhouse bread - Fr. 4.80<\/label><label><span class=\"wpcf7-form-control-wrap\" data-name=\"milchbrot\"><input class=\"wpcf7-form-control wpcf7-number wpcf7-validates-as-number\" aria-invalid=\"false\" value=\"\" type=\"number\" name=\"milchbrot\" \/><\/span>Milchbrot \/ milk bread - Fr. 4.80<\/label><label><span class=\"wpcf7-form-control-wrap\" data-name=\"rusticobrot1\"><input class=\"wpcf7-form-control wpcf7-number wpcf7-validates-as-number\" aria-invalid=\"false\" value=\"\" type=\"number\" name=\"rusticobrot1\" \/><\/span>Rusticobrot \/ rustico bread - Fr. 4.80<\/label><label><span class=\"wpcf7-form-control-wrap\" data-name=\"hannigbrot1\"><input class=\"wpcf7-form-control wpcf7-number wpcf7-validates-as-number\" aria-invalid=\"false\" value=\"\" type=\"number\" name=\"hannigbrot1\" \/><\/span>Hannigbrot mit Nuss \/ whole wheat bread with nuts - Fr. 4.80<\/label>\n\t<\/p>\n\t<h3>Br\u00f6tchen \/ bread rolls\n\t<\/h3>\n\t<p><label><span class=\"wpcf7-form-control-wrap\" data-name=\"ballons_rund\"><input class=\"wpcf7-form-control wpcf7-number wpcf7-validates-as-number\" aria-invalid=\"false\" value=\"\" type=\"number\" name=\"ballons_rund\" \/><\/span>Ballons rund - Fr. 1.20<\/label><label><span class=\"wpcf7-form-control-wrap\" data-name=\"weggli\"><input class=\"wpcf7-form-control wpcf7-number wpcf7-validates-as-number\" aria-invalid=\"false\" value=\"\" type=\"number\" name=\"weggli\" \/><\/span>Weggli - Fr. 1.30<\/label><label><span class=\"wpcf7-form-control-wrap\" data-name=\"rusticogipfel\"><input class=\"wpcf7-form-control wpcf7-number wpcf7-validates-as-number\" aria-invalid=\"false\" value=\"\" type=\"number\" name=\"rusticogipfel\" \/><\/span>Rusticogipfel \/ rustic croissant - Fr. 1.50<\/label><label><span class=\"wpcf7-form-control-wrap\" data-name=\"buttergipfel\"><input class=\"wpcf7-form-control wpcf7-number wpcf7-validates-as-number\" aria-invalid=\"false\" value=\"\" type=\"number\" name=\"buttergipfel\" \/><\/span>Buttergipfel \/ butter croissant - Fr. 1.50<\/label><label><span class=\"wpcf7-form-control-wrap\" data-name=\"burebroetli\"><input class=\"wpcf7-form-control wpcf7-number wpcf7-validates-as-number\" aria-invalid=\"false\" value=\"\" type=\"number\" name=\"burebroetli\" \/><\/span>Burebr\u00f6tli \/ farmer rolls - Fr. 1.30 <\/label><label><span class=\"wpcf7-form-control-wrap\" data-name=\"rusticobroetli\"><input class=\"wpcf7-form-control wpcf7-number wpcf7-validates-as-number\" aria-invalid=\"false\" value=\"\" type=\"number\" name=\"rusticobroetli\" \/><\/span>Rusticobr\u00f6tli \/ rustico rolls - Fr. 1.30<\/label><label><span class=\"wpcf7-form-control-wrap\" data-name=\"sesam_broetli\"><input class=\"wpcf7-form-control wpcf7-number wpcf7-validates-as-number\" aria-invalid=\"false\" value=\"\" type=\"number\" name=\"sesam_broetli\" \/><\/span>Sesambr\u00f6tli \/ sesame rolls - Fr. 1.30<\/label><label><span class=\"wpcf7-form-control-wrap\" data-name=\"schokogipfel\"><input class=\"wpcf7-form-control wpcf7-number wpcf7-validates-as-number\" aria-invalid=\"false\" value=\"\" type=\"number\" name=\"schokogipfel\" \/><\/span>Schokoladengipfel \/ chocolate croissants - Fr. 2.80<\/label><label><span class=\"wpcf7-form-control-wrap\" data-name=\"hefeschnecken\"><input class=\"wpcf7-form-control wpcf7-number wpcf7-validates-as-number\" aria-invalid=\"false\" value=\"\" type=\"number\" name=\"hefeschnecken\" \/><\/span>Hefeschnecken \/ yeast snails - Fr. 3.50<\/label><label><span class=\"wpcf7-form-control-wrap\" data-name=\"nussgipfel\"><input class=\"wpcf7-form-control wpcf7-number wpcf7-validates-as-number\" aria-invalid=\"false\" value=\"\" type=\"number\" name=\"nussgipfel\" \/><\/span>Nussgipfel \/ nut croissant - Fr. 3.50<\/label><label><span class=\"wpcf7-form-control-wrap\" data-name=\"mandelgipfel\"><input class=\"wpcf7-form-control wpcf7-number wpcf7-validates-as-number\" aria-invalid=\"false\" value=\"\" type=\"number\" name=\"mandelgipfel\" \/><\/span>Mandelgipfel \/ almond croissant - Fr. 3.50<\/label>\n\t<\/p>\n\t<h3>Divers \/ Various\n\t<\/h3>\n\t<p><label><span class=\"wpcf7-form-control-wrap\" data-name=\"butterzopf_gross\"><input class=\"wpcf7-form-control wpcf7-number wpcf7-validates-as-number\" aria-invalid=\"false\" value=\"\" type=\"number\" name=\"butterzopf_gross\" \/><\/span>Butterzopf gross \/ butter plait large - Fr. 8.50<\/label><label><span class=\"wpcf7-form-control-wrap\" data-name=\"butterzopf_medium\"><input class=\"wpcf7-form-control wpcf7-number wpcf7-validates-as-number\" aria-invalid=\"false\" value=\"\" type=\"number\" name=\"butterzopf_medium\" \/><\/span>Butterzopf mittel \/ butter plait medium - Fr. 7.50<\/label><label><span class=\"wpcf7-form-control-wrap\" data-name=\"butterzopf_small\"><input class=\"wpcf7-form-control wpcf7-number wpcf7-validates-as-number\" aria-invalid=\"false\" value=\"\" type=\"number\" name=\"butterzopf_small\" \/><\/span>Butterzopf klein \/ butter plait small - Fr. 3.50<\/label><label><span class=\"wpcf7-form-control-wrap\" data-name=\"mandeltorte\"><input class=\"wpcf7-form-control wpcf7-number wpcf7-validates-as-number\" aria-invalid=\"false\" value=\"\" type=\"number\" name=\"mandeltorte\" \/><\/span>Mandeltorte \/ almond cake - Fr. 22.00<\/label><label><span class=\"wpcf7-form-control-wrap\" data-name=\"nusstorte\"><input class=\"wpcf7-form-control wpcf7-number wpcf7-validates-as-number\" aria-invalid=\"false\" value=\"\" type=\"number\" name=\"nusstorte\" \/><\/span>Nusstorte \/ nut cake - Fr. 22.00<\/label>\n\t<\/p>\n<\/div>\n<p><label> Ihre Nachricht \/ Your message (optional)<br \/>\n<span class=\"wpcf7-form-control-wrap\" data-name=\"your-message\"><textarea cols=\"40\" rows=\"10\" maxlength=\"2000\" class=\"wpcf7-form-control wpcf7-textarea\" aria-invalid=\"false\" name=\"your-message\"><\/textarea><\/span> <\/label>\n<\/p>\n<p><input type=\"hidden\" name=\"Created\" value=\"x-sheetmonkey-current-date-time\" \/>\n<\/p>\n<p><input class=\"wpcf7-form-control wpcf7-submit has-spinner\" type=\"submit\" value=\"Bestellen \/ Order\" \/>\n<\/p><div class=\"wpcf7-response-output\" aria-hidden=\"true\"><\/div>\n<\/form>\n<\/div>\n[\/et_pb_code][et_pb_code disabled_on=&#8221;on|on|on&#8221; _builder_version=&#8221;4.19.4&#8243; _module_preset=&#8221;default&#8221; disabled=&#8221;on&#8221; global_colors_info=&#8221;{}&#8221;]<p class=\"wpcf7-contact-form-not-found\"><strong>Error:<\/strong> Contact form not found.<\/p>[\/et_pb_code][\/et_pb_column][\/et_pb_row][\/et_pb_section]<\/p>\n","protected":false},"excerpt":{"rendered":"<p>Bread orderYou can order bread using the form below. Orders must be placed by 5:00 p.m. the evening before. The baker will deliver the rolls the next morning around 6:00 a.m. to the white tray by the entrance. And sometimes, our baker just has a bad day or decides to treat himself to his delicious [&hellip;]<\/p>\n","protected":false},"author":1,"featured_media":0,"parent":0,"menu_order":0,"comment_status":"closed","ping_status":"closed","template":"","meta":{"_et_pb_use_builder":"on","_et_pb_old_content":"<p>[et_pb_section fb_built=\"1\" _builder_version=\"4.19.4\" _module_preset=\"default\" custom_padding=\"||0px|||\" global_colors_info=\"{}\"][et_pb_row disabled_on=\"off|off|off\" admin_label=\"Ferienwohnungen Wallis\" _builder_version=\"4.16\" _module_preset=\"default\" custom_margin=\"0px||||false|false\" custom_padding=\"0px||||false|false\" global_colors_info=\"{}\"][et_pb_column type=\"4_4\" _builder_version=\"4.16\" _module_preset=\"default\" global_colors_info=\"{}\"][et_pb_text disabled_on=\"off|off|off\" _builder_version=\"4.19.4\" text_font=\"||||||||\" text_line_height=\"2em\" header_font=\"||||||||\" header_2_font=\"Raleway|700|||||||\" header_2_font_size=\"50px\" header_2_line_height=\"1.2em\" header_6_font=\"Raleway|700||on|||||\" header_6_font_size=\"16px\" header_6_letter_spacing=\"5px\" header_6_line_height=\"1.8em\" max_width_last_edited=\"off|desktop\" custom_margin=\"||0px||false|false\" custom_padding=\"||||false|false\" header_2_font_size_tablet=\"35px\" header_2_font_size_phone=\"25px\" header_2_font_size_last_edited=\"on|phone\" global_colors_info=\"{}\"]<\/p><h2>Willkommen<\/h2><p>[\/et_pb_text][et_pb_text disabled_on=\"off|off|off\" _builder_version=\"4.19.4\" _module_preset=\"default\" hover_enabled=\"0\" global_colors_info=\"{}\" sticky_enabled=\"0\"]<\/p><p>Sie k\u00f6nnen \u00fcber das untenstehende Formular Br\u00f6tchen bestellen. Die Bestellungen m\u00fcssen bis sp\u00e4testens um 17 Uhr eingehen. Der B\u00e4cker liefert die Br\u00f6tchen dann am n\u00e4chsten Morgen um 6 Uhr auf das weisse Tablett beim Eingang.<\/p><p>Bitte beachten Sie, dass Bestellungen, die nach 17 Uhr eingehen, nicht garantiert werden k\u00f6nnen.\u00a0<\/p><p>Und manchmal hat unser B\u00e4cker auch einfach mal einen schlechten Tag oder m\u00f6chte sich selbst mit seinen leckeren Br\u00f6tchen verw\u00f6hnen. Aber keine Sorge, wenn das Brot bis 7 Uhr morgens nicht da ist, klingeln Sie einfach bei uns und wir k\u00fcmmern uns um eine L\u00f6sung.<\/p><p>[\/et_pb_text][et_pb_code disabled_on=\"off|off|off\" _builder_version=\"4.19.4\" _module_preset=\"default\" global_colors_info=\"{}\"][contact-form-7 id=\"3706\" title=\"Untitled\"][\/et_pb_code][et_pb_code disabled_on=\"on|on|on\" _builder_version=\"4.19.4\" _module_preset=\"default\" disabled=\"on\" global_colors_info=\"{}\"][contact-form-7 id=\"3733\" title=\"Brotbestellung_copy\"][\/et_pb_code][\/et_pb_column][\/et_pb_row][\/et_pb_section]<\/p>","_et_gb_content_width":"","footnotes":""},"class_list":["post-3811","page","type-page","status-publish","hentry"],"_links":{"self":[{"href":"https:\/\/info.mywallis.com\/en\/wp-json\/wp\/v2\/pages\/3811","targetHints":{"allow":["GET"]}}],"collection":[{"href":"https:\/\/info.mywallis.com\/en\/wp-json\/wp\/v2\/pages"}],"about":[{"href":"https:\/\/info.mywallis.com\/en\/wp-json\/wp\/v2\/types\/page"}],"author":[{"embeddable":true,"href":"https:\/\/info.mywallis.com\/en\/wp-json\/wp\/v2\/users\/1"}],"replies":[{"embeddable":true,"href":"https:\/\/info.mywallis.com\/en\/wp-json\/wp\/v2\/comments?post=3811"}],"version-history":[{"count":7,"href":"https:\/\/info.mywallis.com\/en\/wp-json\/wp\/v2\/pages\/3811\/revisions"}],"predecessor-version":[{"id":4197,"href":"https:\/\/info.mywallis.com\/en\/wp-json\/wp\/v2\/pages\/3811\/revisions\/4197"}],"wp:attachment":[{"href":"https:\/\/info.mywallis.com\/en\/wp-json\/wp\/v2\/media?parent=3811"}],"curies":[{"name":"wp","href":"https:\/\/api.w.org\/{rel}","templated":true}]}}